{"id":169,"date":"2018-02-12T12:04:07","date_gmt":"2018-02-12T11:04:07","guid":{"rendered":"http:\/\/robinandthewoods.com\/?page_id=169"},"modified":"2018-02-12T12:07:42","modified_gmt":"2018-02-12T11:07:42","slug":"mentions-legales","status":"publish","type":"page","link":"https:\/\/robinandthewoods.com\/en\/mentions-legales\/","title":{"rendered":"Mentions l\u00e9gales"},"content":{"rendered":"<div class=\"entry-content\">\n<p><strong>Robin &amp; the Woods<\/strong><br \/>\nrobinandthewoods[at]gmail.com<\/p>\n<p><strong>Association <em>Hello Buddy!<\/em><\/strong><br \/>\nAssociation loi 1901 de promotion artistique<br \/>\nhellobuddymusic[at]gmail.com<br \/>\nSi\u00e8ge social : 30 rue du Pr\u00e9sident Doumer 33190 LA REOLE<br \/>\nSiret n\u00b0 823 560 76 00010 \u2013 NAF : 9499Z<\/p>\n<p>&#8211;<\/p>\n<p><strong>Direction de la publication<br \/>\n<\/strong>Robin Jolivet &#8211; J\u00e9r\u00f4me Mascotto<\/p>\n<p><strong>R\u00e9alisation<\/strong><br \/>\nH\u00e9bergement : <a href=\"http:\/\/www.ovh.com\" target=\"_blank\" rel=\"noopener\">OVH<\/a> \u2013 2 rue Kellerman \u2013 59100 ROUBAIX<br \/>\nConception : J\u00e9r\u00f4me Mascotto &#8211; Webmastering : Robin Jolivet, J\u00e9r\u00f4me Mascotto<\/p>\n<p>Site r\u00e9alis\u00e9 sous WordPress 4.9.2 sur la base du th\u00e8me <em>ResponsiveBoat<\/em> tournant sous <em>Zerif Lite<\/em><\/p>\n<\/div>\n","protected":false},"excerpt":{"rendered":"<p>Robin &amp; the Woods robinandthewoods[at]gmail.com Association Hello Buddy! Association loi 1901 de promotion artistique hellobuddymusic[at]gmail.com Si\u00e8ge social : 30 rue du Pr\u00e9sident Doumer 33190 LA REOLE Siret n\u00b0 823 560 76 00010 \u2013 NAF : 9499Z &#8211; Direction de la publication Robin Jolivet &#8211; J\u00e9r\u00f4me Mascotto R\u00e9alisation H\u00e9bergement : OVH \u2013 2 rue Kellerman \u2013 <a href=\"https:\/\/robinandthewoods.com\/en\/mentions-legales\/\" rel=\"nofollow\"><span class=\"sr-only\">Read more about Mentions l\u00e9gales<\/span>[&hellip;]<\/a><\/p>\n","protected":false},"author":1,"featured_media":0,"parent":0,"menu_order":0,"comment_status":"closed","ping_status":"closed","template":"template-fullwidth.php","meta":{"_mi_skip_tracking":false},"_links":{"self":[{"href":"https:\/\/robinandthewoods.com\/en\/wp-json\/wp\/v2\/pages\/169"}],"collection":[{"href":"https:\/\/robinandthewoods.com\/en\/wp-json\/wp\/v2\/pages"}],"about":[{"href":"https:\/\/robinandthewoods.com\/en\/wp-json\/wp\/v2\/types\/page"}],"author":[{"embeddable":true,"href":"https:\/\/robinandthewoods.com\/en\/wp-json\/wp\/v2\/users\/1"}],"replies":[{"embeddable":true,"href":"https:\/\/robinandthewoods.com\/en\/wp-json\/wp\/v2\/comments?post=169"}],"version-history":[{"count":2,"href":"https:\/\/robinandthewoods.com\/en\/wp-json\/wp\/v2\/pages\/169\/revisions"}],"predecessor-version":[{"id":172,"href":"https:\/\/robinandthewoods.com\/en\/wp-json\/wp\/v2\/pages\/169\/revisions\/172"}],"wp:attachment":[{"href":"https:\/\/robinandthewoods.com\/en\/wp-json\/wp\/v2\/media?parent=169"}],"curies":[{"name":"wp","href":"https:\/\/api.w.org\/{rel}","templated":true}]}}