{"id":266,"date":"2018-03-18T15:16:12","date_gmt":"2018-03-18T14:16:12","guid":{"rendered":"http:\/\/robinandthewoods.com\/?page_id=266"},"modified":"2019-11-12T15:43:44","modified_gmt":"2019-11-12T14:43:44","slug":"projets","status":"publish","type":"page","link":"https:\/\/robinandthewoods.com\/en\/projets\/","title":{"rendered":"Projets"},"content":{"rendered":"<p><img loading=\"lazy\" class=\"wp-image-267 alignleft\" style=\"margin-bottom: 10px; padding-right: 10px; display: block;\" src=\"http:\/\/robinandthewoods.com\/wp-content\/uploads\/2018\/03\/AP_robinthewoods-8349-e1521381310249.jpg\" alt=\"\" width=\"351\" height=\"220\" srcset=\"https:\/\/robinandthewoods.com\/wp-content\/uploads\/2018\/03\/AP_robinthewoods-8349-e1521381310249.jpg 1066w, https:\/\/robinandthewoods.com\/wp-content\/uploads\/2018\/03\/AP_robinthewoods-8349-e1521381310249-300x188.jpg 300w, https:\/\/robinandthewoods.com\/wp-content\/uploads\/2018\/03\/AP_robinthewoods-8349-e1521381310249-768x482.jpg 768w, https:\/\/robinandthewoods.com\/wp-content\/uploads\/2018\/03\/AP_robinthewoods-8349-e1521381310249-1024x643.jpg 1024w\" sizes=\"(max-width: 351px) 100vw, 351px\" \/>Par leurs comp\u00e9tences et leurs fonctions diverses, les musiciens du groupe s&#8217;engagent dans des <strong>projets transversaux<\/strong> : m\u00e9diation, p\u00e9dagogie, \u00e9ducation populaire, multim\u00e9dia.<\/p>\n<p>D\u00e8s le printemps 2018, <em>Robin &#038; the Woods<\/em> d\u00e9veloppe plusieurs pistes bas\u00e9es sur sa musique :<\/p>\n<ul style=\"list-style-type: disc;\">\n<li><a href=\"http:\/\/robinandthewoods.com\/projets\/concert-conference\/\"><strong>Concert-d\u00e9bat-conf\u00e9rence<\/strong><\/a> &#8220;Les Go\u00fbts et les Couleurs&#8230;&#8221;<\/li>\n<li><a href=\"http:\/\/robinandthewoods.com\/projets\/projet-pedagogique\/\"><strong>Projet p\u00e9dagogique<\/strong><\/a> &#8220;Rock Jazz Coloriste&#8221; vers les \u00e9coles de musique<\/li>\n<li><strong>Concert dessin\u00e9<\/strong><\/li>\n<\/ul>\n<p style=\"text-align: left;\">D\u00e9but 2020, le groupe enregistrera son <strong>premier album studio &#8220;MOONFALL&#8221;<\/strong>. Pour aider sa production, vous pouvez participer au financement et pr\u00e9acheter votre exemplaire via <em>HelloAsso<\/em> :<\/p>\n<p><a href=\"https:\/\/www.helloasso.com\/associations\/hello-buddy\/collectes\/realisation-de-l-album-moonfall\" target=\"_blank\" rel=\"noopener\"><img loading=\"lazy\" class=\" wp-image-490 aligncenter\" src=\"http:\/\/robinandthewoods.com\/wp-content\/uploads\/2019\/11\/moonfall-financement1.png\" alt=\"\" width=\"429\" height=\"131\" srcset=\"https:\/\/robinandthewoods.com\/wp-content\/uploads\/2019\/11\/moonfall-financement1.png 2462w, https:\/\/robinandthewoods.com\/wp-content\/uploads\/2019\/11\/moonfall-financement1-300x91.png 300w, https:\/\/robinandthewoods.com\/wp-content\/uploads\/2019\/11\/moonfall-financement1-768x234.png 768w, https:\/\/robinandthewoods.com\/wp-content\/uploads\/2019\/11\/moonfall-financement1-1024x312.png 1024w, https:\/\/robinandthewoods.com\/wp-content\/uploads\/2019\/11\/moonfall-financement1-1320x402.png 1320w\" sizes=\"(max-width: 429px) 100vw, 429px\" \/><\/a><\/p>\n","protected":false},"excerpt":{"rendered":"<p>Par leurs comp\u00e9tences et leurs fonctions diverses, les musiciens du groupe s&#8217;engagent dans des projets transversaux : m\u00e9diation, p\u00e9dagogie, \u00e9ducation populaire, multim\u00e9dia. D\u00e8s le printemps 2018, Robin &#038; the Woods d\u00e9veloppe plusieurs pistes bas\u00e9es sur sa musique : Concert-d\u00e9bat-conf\u00e9rence &#8220;Les Go\u00fbts et les Couleurs&#8230;&#8221; Projet p\u00e9dagogique &#8220;Rock Jazz Coloriste&#8221; vers les \u00e9coles de musique Concert <a href=\"https:\/\/robinandthewoods.com\/en\/projets\/\" rel=\"nofollow\"><span class=\"sr-only\">Read more about Projets<\/span>[&hellip;]<\/a><\/p>\n","protected":false},"author":1,"featured_media":0,"parent":0,"menu_order":0,"comment_status":"closed","ping_status":"closed","template":"","meta":{"_mi_skip_tracking":false},"_links":{"self":[{"href":"https:\/\/robinandthewoods.com\/en\/wp-json\/wp\/v2\/pages\/266"}],"collection":[{"href":"https:\/\/robinandthewoods.com\/en\/wp-json\/wp\/v2\/pages"}],"about":[{"href":"https:\/\/robinandthewoods.com\/en\/wp-json\/wp\/v2\/types\/page"}],"author":[{"embeddable":true,"href":"https:\/\/robinandthewoods.com\/en\/wp-json\/wp\/v2\/users\/1"}],"replies":[{"embeddable":true,"href":"https:\/\/robinandthewoods.com\/en\/wp-json\/wp\/v2\/comments?post=266"}],"version-history":[{"count":14,"href":"https:\/\/robinandthewoods.com\/en\/wp-json\/wp\/v2\/pages\/266\/revisions"}],"predecessor-version":[{"id":494,"href":"https:\/\/robinandthewoods.com\/en\/wp-json\/wp\/v2\/pages\/266\/revisions\/494"}],"wp:attachment":[{"href":"https:\/\/robinandthewoods.com\/en\/wp-json\/wp\/v2\/media?parent=266"}],"curies":[{"name":"wp","href":"https:\/\/api.w.org\/{rel}","templated":true}]}}