{"id":274,"date":"2018-03-18T15:25:36","date_gmt":"2018-03-18T14:25:36","guid":{"rendered":"http:\/\/robinandthewoods.com\/?page_id=274"},"modified":"2021-12-28T15:45:11","modified_gmt":"2021-12-28T14:45:11","slug":"concert-conference","status":"publish","type":"page","link":"https:\/\/robinandthewoods.com\/en\/projets\/concert-conference\/","title":{"rendered":"Concerts-Conf\u00e9rences"},"content":{"rendered":"<p style=\"text-align: justify;\">Si nous adorons la sc\u00e8ne et l&#8217;ambiance chaude des concerts en clubs ou en festivals, nous aimons aussi <strong>transmettre<\/strong> et <strong>partager nos passions<\/strong> pour le rock progressif, le jazz et l&#8217;impact de ces genres musicaux d&#8217;un point de vue scientifique (fabrique des go\u00fbts, reproduction culturelle, distinction, rapport aux sciences dures).<\/p>\n<p style=\"text-align: justify;\">Nous avons donc d\u00e9cid\u00e9 d&#8217;\u00e9laborer des spectacles sous la forme de <strong>&#8220;concerts-conf\u00e9rences&#8221;<\/strong> : leur dur\u00e9e varie entre 1h et 1h30, ils sont anim\u00e9s par un ou plusieurs membres du groupe et parfois des intervenants ext\u00e9rieurs, et leurs chapitres sont introduits par des morceaux jou\u00e9s en direct, en trio, quartet ou quintet.<\/p>\n<p style=\"text-align: justify;\"><a href=\"http:\/\/robinandthewoods.com\/contact-rtw\/\"><strong>Contactez-nous<\/strong><\/a> pour plus d&#8217;informations sur les conf\u00e9rences (notes d&#8217;intention, programme, technique et tarifs).<\/p>\n<table style=\"width: 100%; margin-left: auto; margin-right: auto;\">\n<tbody>\n<tr>\n<td><strong><em>Musicologie, histoire de la musique :<\/em><\/strong><\/td>\n<td><strong><em>Sociologie, histoire de l&#8217;art :<\/em><\/strong><\/td>\n<td><strong><em>Sciences :<\/em><\/strong><\/td>\n<\/tr>\n<tr>\n<td><strong><a href=\"#rock\">Le rock instrumental<\/a><\/strong><\/td>\n<td><strong><a href=\"#gouts\">Les go\u00fbts et les couleurs<\/a><\/strong><\/td>\n<td><strong><a href=\"#maths\">Musique et math\u00e9matiques<\/a><\/strong><\/td>\n<\/tr>\n<\/tbody>\n<\/table>\n<hr \/>\n<p><a name=\"maths\"><\/a><\/p>\n<h3>&#8220;Musique et math\u00e9matiques&#8221;<\/h3>\n<h4>Comment les sciences peuvent elle \u00eatre une source d\u2019inspiration artistique pour la cr\u00e9ation musicale ?<\/h4>\n<p><img loading=\"lazy\" class=\"alignnone wp-image-570 size-full\" src=\"http:\/\/robinandthewoods.com\/wp-content\/uploads\/2021\/08\/fractal-4413822_1280-e1629038281772.jpg\" alt=\"\" width=\"1260\" height=\"262\" srcset=\"https:\/\/robinandthewoods.com\/wp-content\/uploads\/2021\/08\/fractal-4413822_1280-e1629038281772.jpg 1260w, https:\/\/robinandthewoods.com\/wp-content\/uploads\/2021\/08\/fractal-4413822_1280-e1629038281772-300x62.jpg 300w, https:\/\/robinandthewoods.com\/wp-content\/uploads\/2021\/08\/fractal-4413822_1280-e1629038281772-1024x213.jpg 1024w, https:\/\/robinandthewoods.com\/wp-content\/uploads\/2021\/08\/fractal-4413822_1280-e1629038281772-768x160.jpg 768w\" sizes=\"(max-width: 1260px) 100vw, 1260px\" \/><\/p>\n<p style=\"text-align: justify;\">Ce projet sur les math\u00e9matiques est n\u00e9 de la rencontre du groupe avec <strong>Guillaume Sa\u00ebs<\/strong>, docteur en math\u00e9matiques, vid\u00e9aste pour la cha\u00eene YouTube <a href=\"https:\/\/www.youtube.com\/channel\/UCA9IJ0GhYcbSst7C6cQWrKw\" target=\"_blank\" rel=\"noopener\"><em>Science Trash<\/em><\/a>, mais aussi musicien, autour de la suite des <em>Fractales<\/em> compos\u00e9e par J\u00e9r\u00f4me Masco, comme une \u00ab vue d\u2019artiste \u00bb musicale de ce ph\u00e9nom\u00e8ne math\u00e9matique fascinant. Comment les sciences peuvent elle \u00eatre une source d\u2019inspiration artistique pour la cr\u00e9ation musicale ? En prenant appui sur les morceaux du groupe, les math\u00e9matiques vous seront pr\u00e9sent\u00e9s sous un nouvel angle, o\u00f9 sciences et musique s\u2019inspirent et se r\u00e9pondent pour votre plus grand plaisir !<\/p>\n<p><span style=\"font-size: 10pt;\">Spectacle coproduit avec l&#8217;association <a href=\"https:\/\/animath.fr\/\" target=\"_blank\" rel=\"noopener\">Animath<\/a> et la cha\u00eene <a href=\"https:\/\/www.youtube.com\/channel\/UCA9IJ0GhYcbSst7C6cQWrKw\" target=\"_blank\" rel=\"noopener\"><em>Science Trash<\/em><\/a><\/span><\/p>\n<p><span style=\"font-size: 10pt;\"><strong><a href=\"https:\/\/youtu.be\/U2sRkQF0LyI\" target=\"_blank\" rel=\"noopener\">Premi\u00e8re version<\/a> donn\u00e9e dans le cadre du<\/strong> <\/span><a href=\"https:\/\/salon-math.fr\/\" target=\"_blank\" rel=\"noopener\"><span style=\"font-size: 10pt;\">22e Salon Culture et Jeux Math\u00e9matiques<\/span><\/a><\/p>\n<hr \/>\n<p><a name=\"rock\"><\/a><\/p>\n<h3>&#8220;Le rock instrumental&#8221;<\/h3>\n<h4>Voyage au c\u0153ur des ann\u00e9es 70<\/h4>\n<p><img loading=\"lazy\" class=\"alignnone size-full wp-image-452\" src=\"http:\/\/robinandthewoods.com\/wp-content\/uploads\/2019\/04\/guitare-hdr-e1556395804888.jpg\" alt=\"\" width=\"3887\" height=\"903\" srcset=\"https:\/\/robinandthewoods.com\/wp-content\/uploads\/2019\/04\/guitare-hdr-e1556395804888.jpg 3887w, https:\/\/robinandthewoods.com\/wp-content\/uploads\/2019\/04\/guitare-hdr-e1556395804888-300x70.jpg 300w, https:\/\/robinandthewoods.com\/wp-content\/uploads\/2019\/04\/guitare-hdr-e1556395804888-768x178.jpg 768w, https:\/\/robinandthewoods.com\/wp-content\/uploads\/2019\/04\/guitare-hdr-e1556395804888-1024x238.jpg 1024w, https:\/\/robinandthewoods.com\/wp-content\/uploads\/2019\/04\/guitare-hdr-e1556395804888-1320x307.jpg 1320w\" sizes=\"(max-width: 3887px) 100vw, 3887px\" \/><\/p>\n<p style=\"text-align: justify;\">Quand on pense au rock, et plus g\u00e9n\u00e9ralement aux musiques populaires de la seconde moiti\u00e9 du XX<sup>e<\/sup> si\u00e8cle, on pense surtout aux chansons, moins \u00e0 la <strong>musique instrumentale<\/strong> qui a pourtant \u00e9t\u00e9 un noyau cr\u00e9atif, \u00e0 la crois\u00e9e des chemins, au c\u0153ur des ann\u00e9es 70.<\/p>\n<p style=\"text-align: justify;\">Ce concert-conf\u00e9rence explore cette d\u00e9cennie musicale, cherche \u00e0 en d\u00e9nicher les origines et les r\u00e9f\u00e9rences et tente d&#8217;observer les marques qu&#8217;elle a laiss\u00e9es sur les musiques d&#8217;aujourd&#8217;hui.<\/p>\n<p><span style=\"font-size: 10pt;\">Spectacle coproduit avec le Festival des Moissons d&#8217;Avril 2019 (Universit\u00e9 de Bordeaux)<\/span><\/p>\n<hr \/>\n<p><a name=\"gouts\"><\/a><\/p>\n<h3>&#8220;Les go\u00fbts et les couleurs&#8230;&#8221;<\/h3>\n<h4>La fabrique de la sensibilit\u00e9 artistique<\/h4>\n<p><img loading=\"lazy\" class=\"aligncenter wp-image-279 size-full\" src=\"http:\/\/robinandthewoods.com\/wp-content\/uploads\/2018\/03\/IMG_063-e1521385629982.jpg\" alt=\"\" width=\"3790\" height=\"1041\" srcset=\"https:\/\/robinandthewoods.com\/wp-content\/uploads\/2018\/03\/IMG_063-e1521385629982.jpg 3790w, https:\/\/robinandthewoods.com\/wp-content\/uploads\/2018\/03\/IMG_063-e1521385629982-300x82.jpg 300w, https:\/\/robinandthewoods.com\/wp-content\/uploads\/2018\/03\/IMG_063-e1521385629982-768x211.jpg 768w, https:\/\/robinandthewoods.com\/wp-content\/uploads\/2018\/03\/IMG_063-e1521385629982-1024x281.jpg 1024w, https:\/\/robinandthewoods.com\/wp-content\/uploads\/2018\/03\/IMG_063-e1521385629982-1320x363.jpg 1320w\" sizes=\"(max-width: 3790px) 100vw, 3790px\" \/><\/p>\n<blockquote><p><span style=\"font-size: 10pt;\">\u00ab La mise en \u0153uvre consciente ou inconsciente du syst\u00e8me de sch\u00e8mes de perception et d\u2019appr\u00e9ciation plus ou moins explicites qui constitue la culture [\u2026] musicale est la condition cach\u00e9e de cette forme \u00e9l\u00e9mentaire de connaissance qu\u2019est la reconnaissance des styles. Le spectateur d\u00e9pourvu du code sp\u00e9cifique se sent submerg\u00e9, \u00ab noy\u00e9 \u00bb, devant ce qui lui appara\u00eet comme un chaos de sons et de rythmes, de couleurs et de lignes sans rime ni raison. \u00bb (Bourdieu, 1979, II)<\/span><\/p><\/blockquote>\n<p>La musique est omnipr\u00e9sente dans le quotidien des personnes, jeunes et moins jeunes, souvent avec une vis\u00e9e r\u00e9cr\u00e9ative. Ce concert d\u00e9bat conf\u00e9rence imagin\u00e9 par\u00a0les \u00e9tudiants du Master 1 Sciences de l\u2019\u00c9ducation de l&#8217;Universit\u00e9 de Bordeaux (avec Robin Jolivet) a pour id\u00e9e d&#8217;aller questionner le rapport aux \u0153uvres d&#8217;art et les codes qu&#8217;elles utilisent.<\/p>\n<p>Cet \u00e9v\u00e9nement est une animation \u00e0 vis\u00e9e de m\u00e9diation culturelle permettant d&#8217;interroger, d&#8217;\u00e9changer et de r\u00e9colter les perceptions du public concernant les morceaux interpr\u00e9t\u00e9s : questionner les go\u00fbts, les ressentis face \u00e0 certains morceaux ou styles musicaux.<\/p>\n<p><span class=\"_5yl5\">Le concert d\u00e9bat conf\u00e9rence propose des morceaux jou\u00e9s en direct par le groupe. Ces temps sont ponctu\u00e9s d&#8217;animations, pour ouvrir sur une discussion entre le public et des enseignants chercheurs qui viennent apporter leurs \u00e9clairages sur les th\u00e8mes abord\u00e9s.<\/span><\/p>\n<p><span style=\"font-size: 10pt;\">Spectacle coproduit avec l&#8217;association BASE (Sciences de l\u2019\u00c9ducation \/ Universit\u00e9 de Bordeaux)<\/span><\/p>\n","protected":false},"excerpt":{"rendered":"<p>Si nous adorons la sc\u00e8ne et l&#8217;ambiance chaude des concerts en clubs ou en festivals, nous aimons aussi transmettre et partager nos passions pour le rock progressif, le jazz et l&#8217;impact de ces genres musicaux d&#8217;un point de vue scientifique (fabrique des go\u00fbts, reproduction culturelle, distinction, rapport aux sciences dures). Nous avons donc d\u00e9cid\u00e9 d&#8217;\u00e9laborer <a href=\"https:\/\/robinandthewoods.com\/en\/projets\/concert-conference\/\" rel=\"nofollow\"><span class=\"sr-only\">Read more about Concerts-Conf\u00e9rences<\/span>[&hellip;]<\/a><\/p>\n","protected":false},"author":1,"featured_media":0,"parent":266,"menu_order":0,"comment_status":"closed","ping_status":"closed","template":"","meta":{"_mi_skip_tracking":false},"_links":{"self":[{"href":"https:\/\/robinandthewoods.com\/en\/wp-json\/wp\/v2\/pages\/274"}],"collection":[{"href":"https:\/\/robinandthewoods.com\/en\/wp-json\/wp\/v2\/pages"}],"about":[{"href":"https:\/\/robinandthewoods.com\/en\/wp-json\/wp\/v2\/types\/page"}],"author":[{"embeddable":true,"href":"https:\/\/robinandthewoods.com\/en\/wp-json\/wp\/v2\/users\/1"}],"replies":[{"embeddable":true,"href":"https:\/\/robinandthewoods.com\/en\/wp-json\/wp\/v2\/comments?post=274"}],"version-history":[{"count":22,"href":"https:\/\/robinandthewoods.com\/en\/wp-json\/wp\/v2\/pages\/274\/revisions"}],"predecessor-version":[{"id":576,"href":"https:\/\/robinandthewoods.com\/en\/wp-json\/wp\/v2\/pages\/274\/revisions\/576"}],"up":[{"embeddable":true,"href":"https:\/\/robinandthewoods.com\/en\/wp-json\/wp\/v2\/pages\/266"}],"wp:attachment":[{"href":"https:\/\/robinandthewoods.com\/en\/wp-json\/wp\/v2\/media?parent=274"}],"curies":[{"name":"wp","href":"https:\/\/api.w.org\/{rel}","templated":true}]}}