{"id":321,"date":"2018-04-09T17:05:08","date_gmt":"2018-04-09T15:05:08","guid":{"rendered":"http:\/\/robinandthewoods.com\/?page_id=321"},"modified":"2019-10-17T19:06:12","modified_gmt":"2019-10-17T17:06:12","slug":"projet-pedagogique","status":"publish","type":"page","link":"https:\/\/robinandthewoods.com\/en\/projets\/projet-pedagogique\/","title":{"rendered":"Projet p\u00e9dagogique"},"content":{"rendered":"<h3><em>Robin &#038; the Winds<\/em> : musiques actuelles, jazz et instrumentales<\/h3>\n<p><img loading=\"lazy\" class=\"alignnone wp-image-474 size-full\" src=\"http:\/\/robinandthewoods.com\/wp-content\/uploads\/2019\/10\/prjpedago.jpg\" alt=\"\" width=\"1896\" height=\"528\" srcset=\"https:\/\/robinandthewoods.com\/wp-content\/uploads\/2019\/10\/prjpedago.jpg 1896w, https:\/\/robinandthewoods.com\/wp-content\/uploads\/2019\/10\/prjpedago-300x84.jpg 300w, https:\/\/robinandthewoods.com\/wp-content\/uploads\/2019\/10\/prjpedago-768x214.jpg 768w, https:\/\/robinandthewoods.com\/wp-content\/uploads\/2019\/10\/prjpedago-1024x285.jpg 1024w, https:\/\/robinandthewoods.com\/wp-content\/uploads\/2019\/10\/prjpedago-1320x368.jpg 1320w\" sizes=\"(max-width: 1896px) 100vw, 1896px\" \/><\/p>\n<p style=\"text-align: justify;\">Un projet artistique \u00e0 vocation p\u00e9dagogique \u00e0 destination des classes d&#8217;instruments \u00e0 vent\/orchestres d&#8217;harmonie\/orchestres symphoniques des \u00e9coles de musique, \u00e0 la d\u00e9couverte des <strong>musiques amplifi\u00e9es des ann\u00e9es 70<\/strong> et des liens qu&#8217;elles entretiennent avec le <strong>jazz<\/strong> et les <strong>musiques \u00e9crites<\/strong> (dites classiques ou savantes).<\/p>\n<p style=\"text-align: justify;\">Nous proposons un arrangement de <strong>trois pi\u00e8ces<\/strong> du r\u00e9pertoire de <em>Robin &#038; the Woods<\/em>, \u00e9crit pour l&#8217;ensemble des classes d&#8217;instruments, prioritairement \u00e0 vent. Il peut \u00e9videmment s&#8217;ouvrir \u00e0 d&#8217;autres effectifs en fonction de la demande et de la situation de l&#8217;\u00e9tablissement. Le montage de ces pi\u00e8ces se fait en collaboration avec les professeurs d&#8217;instruments, sur 3 \u00e0 5 s\u00e9ances de travail sous la direction de Robin Jolivet, guitariste et directeur artistique du groupe.<\/p>\n<p style=\"text-align: justify;\">Le quintet peut aussi proposer un \u00e9v\u00e9nement de type <em>masterclass<\/em> afin d&#8217;illustrer l&#8217;esth\u00e9tique recherch\u00e9e et pr\u00e9senter quelques \u00e9l\u00e9ments d&#8217;histoire de la musique actuelle.<\/p>\n<div style=\"border: 1px solid #e96656; padding: 10px;\"><em><em><em><strong>Automne 2019 :<\/strong> r\u00e9alisation avec l\u2019\u00c9cole de Musique du R\u00e9olais en Sud-Gironde, en coproduction avec le Festival Trans&#8217;Musicale, avec le soutien du D\u00e9partement de la Gironde !<br \/>\n> octobre-novembre : masterclass, sessions de r\u00e9p\u00e9tition \u00e0 l&#8217;\u00e9cole de musique de La R\u00e9ole<br \/>\n> <strong>vendredi 6 d\u00e9cembre 2019<\/strong> : concert avec Robin &#038; the Woods 5tet \u00e0 la salle culturelle de <strong>Moriz\u00e8s<\/strong> (33190) dans le cadre du Festival Trans&#8217;Musicale<\/em><\/em><\/em><\/div>\n<p>&nbsp;<\/p>\n<div style=\"border: 1px solid #e96656; padding: 10px;\"><strong>\u00c9t\u00e9 2020<\/strong> : r\u00e9alisation avec l&#8217;Orchestre M\u00e9tropolitain de Gironde (OMG33 \/ UDEA33)<br \/>\n> stage du 26 au 29 ao\u00fbt 2020<br \/>\n> concert \u00e0 l&#8217;Espace Treulon de <strong>Bruges<\/strong> (33520)<\/div>\n<p>&nbsp;<\/p>\n<p style=\"text-align: left;\"><em>Robin &#038; the Winds<\/em> a pu voir le jour en 2019 avec le concours de plusieurs partenaires :<\/p>\n<p><img loading=\"lazy\" class=\"wp-image-475 alignleft\" src=\"http:\/\/robinandthewoods.com\/wp-content\/uploads\/2019\/10\/gironde.png\" alt=\"\" width=\"84\" height=\"26\" srcset=\"https:\/\/robinandthewoods.com\/wp-content\/uploads\/2019\/10\/gironde.png 1200w, https:\/\/robinandthewoods.com\/wp-content\/uploads\/2019\/10\/gironde-300x93.png 300w, https:\/\/robinandthewoods.com\/wp-content\/uploads\/2019\/10\/gironde-768x237.png 768w, https:\/\/robinandthewoods.com\/wp-content\/uploads\/2019\/10\/gironde-1024x317.png 1024w\" sizes=\"(max-width: 84px) 100vw, 84px\" \/> <img loading=\"lazy\" class=\"wp-image-476 alignleft\" src=\"http:\/\/robinandthewoods.com\/wp-content\/uploads\/2019\/10\/transmusicale.png\" alt=\"\" width=\"91\" height=\"31\" srcset=\"https:\/\/robinandthewoods.com\/wp-content\/uploads\/2019\/10\/transmusicale.png 1754w, https:\/\/robinandthewoods.com\/wp-content\/uploads\/2019\/10\/transmusicale-300x102.png 300w, https:\/\/robinandthewoods.com\/wp-content\/uploads\/2019\/10\/transmusicale-768x261.png 768w, https:\/\/robinandthewoods.com\/wp-content\/uploads\/2019\/10\/transmusicale-1024x349.png 1024w, https:\/\/robinandthewoods.com\/wp-content\/uploads\/2019\/10\/transmusicale-1320x449.png 1320w\" sizes=\"(max-width: 91px) 100vw, 91px\" \/> <img loading=\"lazy\" class=\"wp-image-477 alignleft\" src=\"http:\/\/robinandthewoods.com\/wp-content\/uploads\/2019\/10\/rsg.png\" alt=\"\" width=\"83\" height=\"37\" srcset=\"https:\/\/robinandthewoods.com\/wp-content\/uploads\/2019\/10\/rsg.png 303w, https:\/\/robinandthewoods.com\/wp-content\/uploads\/2019\/10\/rsg-300x134.png 300w\" sizes=\"(max-width: 83px) 100vw, 83px\" \/> <img loading=\"lazy\" class=\"wp-image-478 alignleft\" src=\"http:\/\/robinandthewoods.com\/wp-content\/uploads\/2019\/10\/logo_UDEA33.jpg\" alt=\"\" width=\"79\" height=\"22\" srcset=\"https:\/\/robinandthewoods.com\/wp-content\/uploads\/2019\/10\/logo_UDEA33.jpg 1370w, https:\/\/robinandthewoods.com\/wp-content\/uploads\/2019\/10\/logo_UDEA33-300x83.jpg 300w, https:\/\/robinandthewoods.com\/wp-content\/uploads\/2019\/10\/logo_UDEA33-768x214.jpg 768w, https:\/\/robinandthewoods.com\/wp-content\/uploads\/2019\/10\/logo_UDEA33-1024x285.jpg 1024w, https:\/\/robinandthewoods.com\/wp-content\/uploads\/2019\/10\/logo_UDEA33-1320x367.jpg 1320w\" sizes=\"(max-width: 79px) 100vw, 79px\" \/><\/p>\n","protected":false},"excerpt":{"rendered":"<p>Robin &#038; the Winds : musiques actuelles, jazz et instrumentales Un projet artistique \u00e0 vocation p\u00e9dagogique \u00e0 destination des classes d&#8217;instruments \u00e0 vent\/orchestres d&#8217;harmonie\/orchestres symphoniques des \u00e9coles de musique, \u00e0 la d\u00e9couverte des musiques amplifi\u00e9es des ann\u00e9es 70 et des liens qu&#8217;elles entretiennent avec le jazz et les musiques \u00e9crites (dites classiques ou savantes). Nous <a href=\"https:\/\/robinandthewoods.com\/en\/projets\/projet-pedagogique\/\" rel=\"nofollow\"><span class=\"sr-only\">Read more about Projet p\u00e9dagogique<\/span>[&hellip;]<\/a><\/p>\n","protected":false},"author":1,"featured_media":0,"parent":266,"menu_order":0,"comment_status":"closed","ping_status":"closed","template":"","meta":{"_mi_skip_tracking":false},"_links":{"self":[{"href":"https:\/\/robinandthewoods.com\/en\/wp-json\/wp\/v2\/pages\/321"}],"collection":[{"href":"https:\/\/robinandthewoods.com\/en\/wp-json\/wp\/v2\/pages"}],"about":[{"href":"https:\/\/robinandthewoods.com\/en\/wp-json\/wp\/v2\/types\/page"}],"author":[{"embeddable":true,"href":"https:\/\/robinandthewoods.com\/en\/wp-json\/wp\/v2\/users\/1"}],"replies":[{"embeddable":true,"href":"https:\/\/robinandthewoods.com\/en\/wp-json\/wp\/v2\/comments?post=321"}],"version-history":[{"count":18,"href":"https:\/\/robinandthewoods.com\/en\/wp-json\/wp\/v2\/pages\/321\/revisions"}],"predecessor-version":[{"id":591,"href":"https:\/\/robinandthewoods.com\/en\/wp-json\/wp\/v2\/pages\/321\/revisions\/591"}],"up":[{"embeddable":true,"href":"https:\/\/robinandthewoods.com\/en\/wp-json\/wp\/v2\/pages\/266"}],"wp:attachment":[{"href":"https:\/\/robinandthewoods.com\/en\/wp-json\/wp\/v2\/media?parent=321"}],"curies":[{"name":"wp","href":"https:\/\/api.w.org\/{rel}","templated":true}]}}