{"id":348,"date":"2018-06-24T13:57:44","date_gmt":"2018-06-24T11:57:44","guid":{"rendered":"http:\/\/robinandthewoods.com\/?page_id=348"},"modified":"2019-01-20T11:52:58","modified_gmt":"2019-01-20T10:52:58","slug":"presse","status":"publish","type":"page","link":"https:\/\/robinandthewoods.com\/en\/presse\/","title":{"rendered":"Presse"},"content":{"rendered":"<blockquote>\n<p style=\"text-align: justify;\">&#8220;Ici, on aime le rock progressif des seventies. (&#8230;) Mais la force de ce groupe est de s&#8217;inspirer aussi de ferveurs singuli\u00e8res, sugg\u00e9r\u00e9es par des John Hollenbeck et autres Donny McCaslin, deux intr\u00e9pides cavaleurs jazz. Tout cela cr\u00e9e une irr\u00e9sistible alchimie po\u00e9tique, un univers lumineux, foisonnant d&#8217;id\u00e9es, teint\u00e9 d&#8217;un soup\u00e7on de fantastique, voire de folky baroque, le tout aliment\u00e9 des pulsions actuelles, en une succession de calmes champ\u00eatres et de remous urbains.&#8221;<\/p>\n<p style=\"text-align: right;\"><span style=\"font-size: 10pt;\">&#8211; Dom Imonk, <em>La Gazette Bleue d&#8217;Action Jazz<\/em>, janvier 2019<br \/>\n<\/span><\/p>\n<\/blockquote>\n<blockquote>\n<p style=\"text-align: justify;\">&#8220;Le jeune quintet d\u00e9montre sa capacit\u00e9 \u00e0 faire \u00e9voluer les ambiances, \u00e0 varier les couleurs au sein de chaque morceau : jazz, rock, arabesques orientales. D\u00e9cid\u00e9ment la fusion jazz avec une touche de fl\u00fbte est tendance.&#8221;<\/p>\n<p style=\"text-align: right;\"><span style=\"font-size: 10pt;\">&#8211; Alice Leclercq, <em>Tous Les Festivals<\/em>, juillet 2018<\/span><\/p>\n<\/blockquote>\n<h3>2019<\/h3>\n<ul>\n<li><a href=\"https:\/\/actionjazz.fr\/gazette-bleue-n32-janvier-2019\/\" target=\"_blank\" rel=\"noopener\">&#8220;Jazz \u00e0 Caud\u00e9ran&#8221;<\/a>, <em>La Gazette Bleue d&#8217;Action Jazz<\/em>, janvier 2019<\/li>\n<\/ul>\n<h3>2018<\/h3>\n<ul>\n<li><a href=\"https:\/\/actionjazz.fr\/magic-saint-emilion\/\" target=\"_blank\" rel=\"noopener\">&#8220;Magic Saint-Emilion&#8221;<\/a>, <em>Action Jazz<\/em>, 25 juillet 2018<\/li>\n<li><a href=\"https:\/\/www.touslesfestivals.com\/on-etait-a\/saint-emilion-jazz-festival-une-edition-consommee-avec-moderation-250718\" target=\"_blank\" rel=\"noopener\">&#8220;Saint-Emilion Jazz Festival&#8221;<\/a>, <em>Tous Les Festivals<\/em>, 24 juillet 2018<\/li>\n<li><a href=\"https:\/\/actionjazz.fr\/monsegur-2018-en-fusion-des-tilleuls-a-leden\/\" target=\"_blank\" rel=\"noopener\">&#8220;Mons\u00e9gur 2018 en fusion des Tilleuls \u00e0 l&#8217;Eden&#8221;<\/a>, <em>Action Jazz<\/em>, 17 juillet 2018<\/li>\n<li><a href=\"https:\/\/actionjazz.fr\/la-fete-de-la-musique-avec-et-sans-fip\/\" target=\"_blank\" rel=\"noopener\">&#8220;La F\u00eate de la Musique avec et sans FIP&#8221;<\/a>, <em>Action Jazz<\/em>, 23 juin 2018<\/li>\n<li><a href=\"http:\/\/www.bordeaux7.com\/bordeaux-culture\/sorties\/2018\/06\/20\/stars-fete-musique-bordeaux-selection\/\" target=\"_blank\" rel=\"noopener\">&#8220;Des stars et la cr\u00e8me locale pour cette F\u00eate de la musique bordelaise&#8221;<\/a>, <em>Bordeaux7<\/em>, 20 juin 2018<\/li>\n<li><a href=\"https:\/\/actionjazz.fr\/gazette-bleue-n27-mars-2018\/\" target=\"_blank\" rel=\"noopener\">&#8220;Jeux de lumi\u00e8re&#8221;<\/a>, <em>La Gazette Bleue<\/em> d&#8217;<em>Action Jazz<\/em>, mars 2018<\/li>\n<li><a href=\"https:\/\/sabotjazz.blogspot.com\/2018\/02\/tremplin-action-jazz-2018.html\" target=\"_blank\" rel=\"noopener\">&#8220;Tremplin Action Jazz 2018&#8221;<\/a>, <em>Sabotjazz<\/em>, 16 f\u00e9vrier 2018<\/li>\n<\/ul>\n","protected":false},"excerpt":{"rendered":"<p>&#8220;Ici, on aime le rock progressif des seventies. (&#8230;) Mais la force de ce groupe est de s&#8217;inspirer aussi de ferveurs singuli\u00e8res, sugg\u00e9r\u00e9es par des John Hollenbeck et autres Donny McCaslin, deux intr\u00e9pides cavaleurs jazz. Tout cela cr\u00e9e une irr\u00e9sistible alchimie po\u00e9tique, un univers lumineux, foisonnant d&#8217;id\u00e9es, teint\u00e9 d&#8217;un soup\u00e7on de fantastique, voire de folky <a href=\"https:\/\/robinandthewoods.com\/en\/presse\/\" rel=\"nofollow\"><span class=\"sr-only\">Read more about Presse<\/span>[&hellip;]<\/a><\/p>\n","protected":false},"author":1,"featured_media":0,"parent":0,"menu_order":0,"comment_status":"closed","ping_status":"closed","template":"template-fullwidth.php","meta":{"_mi_skip_tracking":false},"_links":{"self":[{"href":"https:\/\/robinandthewoods.com\/en\/wp-json\/wp\/v2\/pages\/348"}],"collection":[{"href":"https:\/\/robinandthewoods.com\/en\/wp-json\/wp\/v2\/pages"}],"about":[{"href":"https:\/\/robinandthewoods.com\/en\/wp-json\/wp\/v2\/types\/page"}],"author":[{"embeddable":true,"href":"https:\/\/robinandthewoods.com\/en\/wp-json\/wp\/v2\/users\/1"}],"replies":[{"embeddable":true,"href":"https:\/\/robinandthewoods.com\/en\/wp-json\/wp\/v2\/comments?post=348"}],"version-history":[{"count":8,"href":"https:\/\/robinandthewoods.com\/en\/wp-json\/wp\/v2\/pages\/348\/revisions"}],"predecessor-version":[{"id":539,"href":"https:\/\/robinandthewoods.com\/en\/wp-json\/wp\/v2\/pages\/348\/revisions\/539"}],"wp:attachment":[{"href":"https:\/\/robinandthewoods.com\/en\/wp-json\/wp\/v2\/media?parent=348"}],"curies":[{"name":"wp","href":"https:\/\/api.w.org\/{rel}","templated":true}]}}