{"id":360,"date":"2018-07-06T00:33:54","date_gmt":"2018-07-05T22:33:54","guid":{"rendered":"http:\/\/robinandthewoods.com\/?page_id=360"},"modified":"2019-01-20T12:27:22","modified_gmt":"2019-01-20T11:27:22","slug":"les-musiciens","status":"publish","type":"page","link":"https:\/\/robinandthewoods.com\/en\/les-musiciens\/","title":{"rendered":"Les musiciens"},"content":{"rendered":"<div style=\"float: left; padding: 10px; text-align: center; max-width: 300px; height: 720px;\"><img loading=\"lazy\" class=\"alignnone size-medium wp-image-361\" src=\"http:\/\/robinandthewoods.com\/wp-content\/uploads\/2018\/07\/robin-rond-300x300.png\" alt=\"\" width=\"300\" height=\"300\" srcset=\"https:\/\/robinandthewoods.com\/wp-content\/uploads\/2018\/07\/robin-rond-300x300.png 300w, https:\/\/robinandthewoods.com\/wp-content\/uploads\/2018\/07\/robin-rond-150x150.png 150w, https:\/\/robinandthewoods.com\/wp-content\/uploads\/2018\/07\/robin-rond-250x250.png 250w, https:\/\/robinandthewoods.com\/wp-content\/uploads\/2018\/07\/robin-rond-174x174.png 174w, https:\/\/robinandthewoods.com\/wp-content\/uploads\/2018\/07\/robin-rond.png 353w\" sizes=\"(max-width: 300px) 100vw, 300px\" \/><br \/>\n<strong>Robin Jolivet<\/strong><br \/>\n<em>guitare, compositions<\/em><\/p>\n<p>Robin d\u00e9bute l\u2019apprentissage de la batterie \u00e0 la Drum School Lajudie de Limoges (87) avant de se mettre \u00e0 la guitare et d&#8217;obtenir le MIMA au CIAM de Bordeaux (33). Il int\u00e8gre ensuite le Conservatoire de Bordeaux o\u00f9 il obtient son DEM guitare \u00e9lectrique Musiques Actuelles Amplifi\u00e9es.Il pr\u00e9pare actuellement un DE Musiques Actuelles au PESMD de Bordeaux et un Master de Sciences de l\u2019\u00c9ducation.<br \/>\nIl enseigne la guitare depuis 2011 dans plusieurs \u00e9coles de musique de la Gironde.<\/p>\n<p>Il a jou\u00e9 au sein de <em>Daleko<\/em>, <em>Son of a Gun<\/em> et <em>Damage Dinosaur.<\/em><\/p>\n<\/div>\n<div style=\"float: left; padding: 10px; text-align: center; max-width: 300px; height: 720px;\"><img loading=\"lazy\" class=\"alignnone size-medium wp-image-362\" src=\"http:\/\/robinandthewoods.com\/wp-content\/uploads\/2018\/07\/jerome-rond-300x293.png\" alt=\"\" width=\"300\" height=\"293\" srcset=\"https:\/\/robinandthewoods.com\/wp-content\/uploads\/2018\/07\/jerome-rond-300x293.png 300w, https:\/\/robinandthewoods.com\/wp-content\/uploads\/2018\/07\/jerome-rond.png 476w\" sizes=\"(max-width: 300px) 100vw, 300px\" \/><br \/>\n<strong>J\u00e9r\u00f4me Masco<\/strong><br \/>\n<em>saxophone, compositions<\/em><\/p>\n<p>J\u00e9r\u00f4me commence tr\u00e8s t\u00f4t l&#8217;\u00e9tude du piano puis du saxophone \u00e0 l&#8217;adolescence. Il poursuit l&#8217;apprentissage du jazz en autodidacte parall\u00e8lement \u00e0 ses \u00e9tudes de communication et son premier travail dans le milieu du cin\u00e9ma. Il int\u00e8gre la classe Jazz du CRR de Bordeaux en 2015 et obtient la m\u00eame ann\u00e9e sa Licence de Musicologie.<\/p>\n<p>Aussi professeur de saxophone et de formation musicale, il officie au sein du big band de rue <em>ConTreBand<\/em> et du collectif <em>Yoshiwara<\/em>, avec lequel il propose des cin\u00e9-concerts, m\u00ealant cin\u00e9ma muet et musique instrumentale en direct. Il est aussi \u00e0 l&#8217;origine du quartet <em>Ostende<\/em>.<\/p>\n<\/div>\n<div style=\"float: left; padding: 10px; max-width: 300px; text-align: center; height: 720px;\"><img loading=\"lazy\" class=\"alignnone size-medium wp-image-364\" src=\"http:\/\/robinandthewoods.com\/wp-content\/uploads\/2018\/07\/alex-rond-300x300.png\" alt=\"\" width=\"300\" height=\"300\" srcset=\"https:\/\/robinandthewoods.com\/wp-content\/uploads\/2018\/07\/alex-rond-300x300.png 300w, https:\/\/robinandthewoods.com\/wp-content\/uploads\/2018\/07\/alex-rond-150x150.png 150w, https:\/\/robinandthewoods.com\/wp-content\/uploads\/2018\/07\/alex-rond-480x480.png 480w, https:\/\/robinandthewoods.com\/wp-content\/uploads\/2018\/07\/alex-rond-250x250.png 250w, https:\/\/robinandthewoods.com\/wp-content\/uploads\/2018\/07\/alex-rond-174x174.png 174w, https:\/\/robinandthewoods.com\/wp-content\/uploads\/2018\/07\/alex-rond.png 667w\" sizes=\"(max-width: 300px) 100vw, 300px\" \/><br \/>\n<strong>Alexandre Aguilera<\/strong><br \/>\n<em>fl\u00fbte<\/em><\/p>\n<p>Alexandre obtient ses DEM fl\u00fbte jazz et classique au CRR de Bordeaux.Professeur de fl\u00fbte traversi\u00e8re et de saxophone, musicien reconnu de la sc\u00e8ne jazz bordelaise, il int\u00e8gre le cursus jazz du r\u00e9put\u00e9 CNSMD de Paris en 2018.<\/p>\n<p>Il se produit depuis plusieurs ann\u00e9es dans le Sud Ouest au sein de nombreuses formations parmi lesquelles <em>Avenue Maceo<\/em> et <em>Cariocas d\u2019Aquit\u00e3o<\/em>.<\/p>\n<\/div>\n<div style=\"float: left; padding: 10px; max-width: 300px; text-align: center; height: 720px;\"><img loading=\"lazy\" class=\"alignnone size-medium wp-image-365\" src=\"http:\/\/robinandthewoods.com\/wp-content\/uploads\/2018\/07\/alexis-rond-297x300.png\" alt=\"\" width=\"297\" height=\"300\" srcset=\"https:\/\/robinandthewoods.com\/wp-content\/uploads\/2018\/07\/alexis-rond-297x300.png 297w, https:\/\/robinandthewoods.com\/wp-content\/uploads\/2018\/07\/alexis-rond.png 454w\" sizes=\"(max-width: 297px) 100vw, 297px\" \/><br \/>\n<strong>Alexis Cadeillan<\/strong><br \/>\n<em>basse<\/em><\/p>\n<p>Alexis obtient son dipl\u00f4me (MIMA) de basse \u00e9lectrique au CIAM de Bordeaux puis un DEM basse musiques actuelles amplifi\u00e9es et un CEM jazz \u00e0 la contrebasse au CRR de Bordeaux.<br \/>\nIl pr\u00e9pare actuellement un DNSPM (dipl\u00f4me national sup\u00e9rieur de pratique musicale) au P\u00f4le Sup\u00e9rieur de musique de Paris-Boulogne.<\/p>\n<p>Il enseigne la basse et se produit depuis plusieurs ann\u00e9es sur la sc\u00e8ne r\u00e9gionale, avec des groupes comme le <em>Laurent Robino sextet<\/em>.<\/p>\n<\/div>\n<div style=\"float: left; padding: 10px; max-width: 300px; text-align: center; height: 720px;\"><img loading=\"lazy\" class=\"alignnone size-medium wp-image-366\" src=\"http:\/\/robinandthewoods.com\/wp-content\/uploads\/2018\/07\/nico-rond-300x287.png\" alt=\"\" width=\"300\" height=\"287\" srcset=\"https:\/\/robinandthewoods.com\/wp-content\/uploads\/2018\/07\/nico-rond-300x287.png 300w, https:\/\/robinandthewoods.com\/wp-content\/uploads\/2018\/07\/nico-rond.png 632w\" sizes=\"(max-width: 300px) 100vw, 300px\" \/><br \/>\n<strong>Nicolas Girardi<\/strong><br \/>\n<em>batterie<\/em><\/p>\n<p>Apr\u00e8s une formation initiale au CIAM de Bordeaux, Nicolas obtient les DEM batterie musiques actuelles amplifi\u00e9es et jazz au CRR de Bordeaux.<\/p>\n<p>Musicien sensible et pr\u00e9cis, il officie comme batteur au sein de nombreux projets aux esth\u00e9tiques vari\u00e9es parmi lesquels <em>Chien Noir<\/em> et <em>Laure Sanchez quintet<\/em>.<\/p>\n<\/div>\n","protected":false},"excerpt":{"rendered":"<p>Robin Jolivet guitare, compositions Robin d\u00e9bute l\u2019apprentissage de la batterie \u00e0 la Drum School Lajudie de Limoges (87) avant de se mettre \u00e0 la guitare et d&#8217;obtenir le MIMA au CIAM de Bordeaux (33). Il int\u00e8gre ensuite le Conservatoire de Bordeaux o\u00f9 il obtient son DEM guitare \u00e9lectrique Musiques Actuelles Amplifi\u00e9es.Il pr\u00e9pare actuellement un DE <a href=\"https:\/\/robinandthewoods.com\/en\/les-musiciens\/\" rel=\"nofollow\"><span class=\"sr-only\">Read more about Les musiciens<\/span>[&hellip;]<\/a><\/p>\n","protected":false},"author":1,"featured_media":0,"parent":0,"menu_order":0,"comment_status":"closed","ping_status":"closed","template":"template-fullwidth.php","meta":{"_mi_skip_tracking":false},"_links":{"self":[{"href":"https:\/\/robinandthewoods.com\/en\/wp-json\/wp\/v2\/pages\/360"}],"collection":[{"href":"https:\/\/robinandthewoods.com\/en\/wp-json\/wp\/v2\/pages"}],"about":[{"href":"https:\/\/robinandthewoods.com\/en\/wp-json\/wp\/v2\/types\/page"}],"author":[{"embeddable":true,"href":"https:\/\/robinandthewoods.com\/en\/wp-json\/wp\/v2\/users\/1"}],"replies":[{"embeddable":true,"href":"https:\/\/robinandthewoods.com\/en\/wp-json\/wp\/v2\/comments?post=360"}],"version-history":[{"count":26,"href":"https:\/\/robinandthewoods.com\/en\/wp-json\/wp\/v2\/pages\/360\/revisions"}],"predecessor-version":[{"id":439,"href":"https:\/\/robinandthewoods.com\/en\/wp-json\/wp\/v2\/pages\/360\/revisions\/439"}],"wp:attachment":[{"href":"https:\/\/robinandthewoods.com\/en\/wp-json\/wp\/v2\/media?parent=360"}],"curies":[{"name":"wp","href":"https:\/\/api.w.org\/{rel}","templated":true}]}}