{"id":584,"date":"2022-01-26T13:05:40","date_gmt":"2022-01-26T12:05:40","guid":{"rendered":"https:\/\/robinandthewoods.com\/?page_id=584"},"modified":"2022-01-26T13:07:34","modified_gmt":"2022-01-26T12:07:34","slug":"concert-dessine","status":"publish","type":"page","link":"https:\/\/robinandthewoods.com\/en\/projets\/concert-dessine\/","title":{"rendered":"Concert dessin\u00e9"},"content":{"rendered":"\n<h3><em>&#8220;Moonfall&#8221; illustr\u00e9 par Camille Orai<\/em>n<\/h3>\n\n\n\n<div class=\"wp-block-image\"><figure class=\"alignleft size-large is-resized\"><img loading=\"lazy\" src=\"https:\/\/robinandthewoods.com\/wp-content\/uploads\/2022\/01\/rw_cddessine_01-1024x472.jpg\" alt=\"\" class=\"wp-image-585\" width=\"533\" height=\"246\" srcset=\"https:\/\/robinandthewoods.com\/wp-content\/uploads\/2022\/01\/rw_cddessine_01-1024x472.jpg 1024w, https:\/\/robinandthewoods.com\/wp-content\/uploads\/2022\/01\/rw_cddessine_01-300x138.jpg 300w, https:\/\/robinandthewoods.com\/wp-content\/uploads\/2022\/01\/rw_cddessine_01-768x354.jpg 768w, https:\/\/robinandthewoods.com\/wp-content\/uploads\/2022\/01\/rw_cddessine_01-1536x708.jpg 1536w, https:\/\/robinandthewoods.com\/wp-content\/uploads\/2022\/01\/rw_cddessine_01-1320x608.jpg 1320w, https:\/\/robinandthewoods.com\/wp-content\/uploads\/2022\/01\/rw_cddessine_01.jpg 1818w\" sizes=\"(max-width: 533px) 100vw, 533px\" \/><\/figure><\/div>\n\n\n\n<p class=\"has-text-align-left\">Pour f\u00eater la sortie de l\u2019album \u00ab Moonfall \u00bb, ode \u00e0 l\u2019infiniment grand (Dying Stars Suicide Club) et \u00e0 l\u2019infiniment petit (Fractales), aux compositions p\u00e9tries de couleurs, il \u00e9tait \u00e9vident pour le groupe de se lancer dans le d\u00e9veloppement d\u2019un <strong>projet m\u00ealant le son \u00e0 l\u2019image<\/strong>, l\u2019un dialoguant avec l\u2019autre, l\u2019harmonie avec les formes et les pigments, les mati\u00e8res avec<br>l\u2019improvisation musicale.<\/p>\n\n\n\n<p>Chacune des sept pi\u00e8ces de l\u2019album est illustr\u00e9e en direct par Camille Orain, \u00e0 partir du travail original de M\u00e9lanie Ertaud, en peinture num\u00e9rique, projet\u00e9 sur un grand \u00e9cran plac\u00e9 sur sc\u00e8ne. Des touches d\u2019animations viennent ponctuer les illustrations et la toile \u00e9volue au gr\u00e9 de la musique et des improvisations, comme un conte, faisant de chaque spectacle un moment unique et \u00e9tonnant pour petits et grands.<\/p>\n\n\n\n<hr class=\"wp-block-separator is-style-dots\"\/>\n\n\n\n<div class=\"wp-block-image\"><figure class=\"alignleft size-large is-resized\"><img loading=\"lazy\" src=\"https:\/\/robinandthewoods.com\/wp-content\/uploads\/2022\/01\/camille-1024x1024.jpg\" alt=\"\" class=\"wp-image-596\" width=\"117\" height=\"117\" srcset=\"https:\/\/robinandthewoods.com\/wp-content\/uploads\/2022\/01\/camille-1024x1024.jpg 1024w, https:\/\/robinandthewoods.com\/wp-content\/uploads\/2022\/01\/camille-300x300.jpg 300w, https:\/\/robinandthewoods.com\/wp-content\/uploads\/2022\/01\/camille-150x150.jpg 150w, https:\/\/robinandthewoods.com\/wp-content\/uploads\/2022\/01\/camille-768x768.jpg 768w, https:\/\/robinandthewoods.com\/wp-content\/uploads\/2022\/01\/camille-1536x1536.jpg 1536w, https:\/\/robinandthewoods.com\/wp-content\/uploads\/2022\/01\/camille-480x480.jpg 480w, https:\/\/robinandthewoods.com\/wp-content\/uploads\/2022\/01\/camille-250x250.jpg 250w, https:\/\/robinandthewoods.com\/wp-content\/uploads\/2022\/01\/camille-174x174.jpg 174w, https:\/\/robinandthewoods.com\/wp-content\/uploads\/2022\/01\/camille-1320x1321.jpg 1320w, https:\/\/robinandthewoods.com\/wp-content\/uploads\/2022\/01\/camille.jpg 2014w\" sizes=\"(max-width: 117px) 100vw, 117px\" \/><\/figure><\/div>\n\n\n\n<p><strong>Camille Orain <\/strong>est illustratrice et motion designer. Elle fait ses \u00e9tudes \u00e0 l\u2019ECV Bordeaux. Elle en sort dipl\u00f4m\u00e9e d\u2019un master en conception et r\u00e9alisation de films d\u2019animation et de jeu vid\u00e9o.<br>Elle m\u00e8ne plusieurs projets remarqu\u00e9s, notamment la co-r\u00e9alisation du court m\u00e9trage d\u2019animation \u00ab Chronique \u00bb, laur\u00e9at du concours Court-circuit, le magazine du court m\u00e9trage d\u2019ARTE. Elle r\u00e9alise aussi le clip d\u2019animation du dernier titre du groupe Diabolo Kiwi, Zitokinen Ortzantza. Camille est \u00e9galement musicienne.<\/p>\n\n\n\n<hr class=\"wp-block-separator is-style-dots\"\/>\n\n\n\n<figure class=\"wp-block-gallery columns-2 is-cropped\"><ul class=\"blocks-gallery-grid\"><li class=\"blocks-gallery-item\"><figure><img loading=\"lazy\" width=\"1024\" height=\"576\" src=\"https:\/\/robinandthewoods.com\/wp-content\/uploads\/2022\/01\/rw_cddessine_02-1024x576.jpg\" alt=\"\" data-id=\"603\" data-full-url=\"https:\/\/robinandthewoods.com\/wp-content\/uploads\/2022\/01\/rw_cddessine_02.jpg\" data-link=\"https:\/\/robinandthewoods.com\/?attachment_id=603\" class=\"wp-image-603\" srcset=\"https:\/\/robinandthewoods.com\/wp-content\/uploads\/2022\/01\/rw_cddessine_02-1024x576.jpg 1024w, https:\/\/robinandthewoods.com\/wp-content\/uploads\/2022\/01\/rw_cddessine_02-300x169.jpg 300w, https:\/\/robinandthewoods.com\/wp-content\/uploads\/2022\/01\/rw_cddessine_02-768x432.jpg 768w, https:\/\/robinandthewoods.com\/wp-content\/uploads\/2022\/01\/rw_cddessine_02-1536x864.jpg 1536w, https:\/\/robinandthewoods.com\/wp-content\/uploads\/2022\/01\/rw_cddessine_02-1320x743.jpg 1320w, https:\/\/robinandthewoods.com\/wp-content\/uploads\/2022\/01\/rw_cddessine_02.jpg 1920w\" sizes=\"(max-width: 1024px) 100vw, 1024px\" \/><\/figure><\/li><li class=\"blocks-gallery-item\"><figure><img loading=\"lazy\" width=\"1024\" height=\"653\" src=\"https:\/\/robinandthewoods.com\/wp-content\/uploads\/2022\/01\/cdessine1-1024x653.jpg\" alt=\"\" data-id=\"581\" data-full-url=\"https:\/\/robinandthewoods.com\/wp-content\/uploads\/2022\/01\/cdessine1.jpg\" data-link=\"https:\/\/robinandthewoods.com\/2022\/01\/moonfall-le-concert-dessine\/cdessine1\/\" class=\"wp-image-581\" srcset=\"https:\/\/robinandthewoods.com\/wp-content\/uploads\/2022\/01\/cdessine1-1024x653.jpg 1024w, https:\/\/robinandthewoods.com\/wp-content\/uploads\/2022\/01\/cdessine1-300x191.jpg 300w, https:\/\/robinandthewoods.com\/wp-content\/uploads\/2022\/01\/cdessine1-768x490.jpg 768w, https:\/\/robinandthewoods.com\/wp-content\/uploads\/2022\/01\/cdessine1-1536x980.jpg 1536w, https:\/\/robinandthewoods.com\/wp-content\/uploads\/2022\/01\/cdessine1-1320x842.jpg 1320w, https:\/\/robinandthewoods.com\/wp-content\/uploads\/2022\/01\/cdessine1.jpg 1644w\" sizes=\"(max-width: 1024px) 100vw, 1024px\" \/><\/figure><\/li><\/ul><\/figure>\n\n\n\n<p class=\"has-text-align-center\"><strong><a href=\"https:\/\/drive.google.com\/file\/d\/1T_KKULRrZluTSAyG7tcqfACHS3ypRMci\/view?usp=drive_web\" data-type=\"URL\" data-id=\"https:\/\/drive.google.com\/file\/d\/1T_KKULRrZluTSAyG7tcqfACHS3ypRMci\/view?usp=drive_web\" target=\"_blank\" rel=\"noreferrer noopener\">Dossier du spectacle<\/a><\/strong><\/p>\n\n\n\n<p class=\"has-text-align-center\"><a rel=\"noreferrer noopener\" href=\"https:\/\/drive.google.com\/file\/d\/1Yt9Su2AY_MMyCw7zW3OSRMaCYKjDhhss\/view?usp=drive_web\" data-type=\"URL\" data-id=\"https:\/\/drive.google.com\/file\/d\/1Yt9Su2AY_MMyCw7zW3OSRMaCYKjDhhss\/view?usp=drive_web\" target=\"_blank\">Fiche technique<\/a> &#8211; <a rel=\"noreferrer noopener\" href=\"https:\/\/drive.google.com\/file\/d\/1GZc1066hHGntw1igE_qzmHENaL_kgTtF\/view?usp=drive_web\" data-type=\"URL\" data-id=\"https:\/\/drive.google.com\/file\/d\/1GZc1066hHGntw1igE_qzmHENaL_kgTtF\/view?usp=drive_web\" target=\"_blank\">Plan de feu<\/a><\/p>\n\n\n\n<p class=\"has-text-align-center\"><em>Booking :<\/em> <strong><a href=\"https:\/\/manag-art.com\/mkd-team-member\/robinandthewoods\/\" data-type=\"URL\" data-id=\"https:\/\/manag-art.com\/mkd-team-member\/robinandthewoods\/\" target=\"_blank\" rel=\"noreferrer noopener\">Judyth Babin<\/a><\/strong><br>pour <em>Les Formes Telluriques<\/em><\/p>\n\n\n\n<div class=\"wp-block-columns\">\n<div class=\"wp-block-column\" style=\"flex-basis:100%\">\n<div class=\"wp-block-group\"><div class=\"wp-block-group__inner-container\">\n<div class=\"wp-block-columns\">\n<div class=\"wp-block-column\" style=\"flex-basis:33.34%\"><\/div>\n\n\n\n<div class=\"wp-block-column\" style=\"flex-basis:33.34%\">\n<figure class=\"wp-block-gallery columns-5\"><ul class=\"blocks-gallery-grid\"><li class=\"blocks-gallery-item\"><figure><img loading=\"lazy\" width=\"300\" height=\"196\" src=\"https:\/\/robinandthewoods.com\/wp-content\/uploads\/2022\/01\/CNM-logo_reduit_cmjn_partenaire-300x196.png\" alt=\"\" data-id=\"614\" data-full-url=\"https:\/\/robinandthewoods.com\/wp-content\/uploads\/2022\/01\/CNM-logo_reduit_cmjn_partenaire.png\" data-link=\"https:\/\/robinandthewoods.com\/?attachment_id=614\" class=\"wp-image-614\" srcset=\"https:\/\/robinandthewoods.com\/wp-content\/uploads\/2022\/01\/CNM-logo_reduit_cmjn_partenaire-300x196.png 300w, https:\/\/robinandthewoods.com\/wp-content\/uploads\/2022\/01\/CNM-logo_reduit_cmjn_partenaire-1024x671.png 1024w, https:\/\/robinandthewoods.com\/wp-content\/uploads\/2022\/01\/CNM-logo_reduit_cmjn_partenaire-768x503.png 768w, https:\/\/robinandthewoods.com\/wp-content\/uploads\/2022\/01\/CNM-logo_reduit_cmjn_partenaire-1536x1006.png 1536w, https:\/\/robinandthewoods.com\/wp-content\/uploads\/2022\/01\/CNM-logo_reduit_cmjn_partenaire-2048x1341.png 2048w, https:\/\/robinandthewoods.com\/wp-content\/uploads\/2022\/01\/CNM-logo_reduit_cmjn_partenaire-1320x864.png 1320w\" sizes=\"(max-width: 300px) 100vw, 300px\" \/><\/figure><\/li><li class=\"blocks-gallery-item\"><figure><img loading=\"lazy\" width=\"300\" height=\"167\" src=\"https:\/\/robinandthewoods.com\/wp-content\/uploads\/2022\/01\/adami-logo-vector-300x167.png\" alt=\"\" data-id=\"613\" data-full-url=\"https:\/\/robinandthewoods.com\/wp-content\/uploads\/2022\/01\/adami-logo-vector.png\" data-link=\"https:\/\/robinandthewoods.com\/?attachment_id=613\" class=\"wp-image-613\" srcset=\"https:\/\/robinandthewoods.com\/wp-content\/uploads\/2022\/01\/adami-logo-vector-300x167.png 300w, https:\/\/robinandthewoods.com\/wp-content\/uploads\/2022\/01\/adami-logo-vector-768x427.png 768w, https:\/\/robinandthewoods.com\/wp-content\/uploads\/2022\/01\/adami-logo-vector.png 900w\" sizes=\"(max-width: 300px) 100vw, 300px\" \/><\/figure><\/li><li class=\"blocks-gallery-item\"><figure><img loading=\"lazy\" width=\"259\" height=\"300\" src=\"https:\/\/robinandthewoods.com\/wp-content\/uploads\/2022\/01\/poleevasion_ambares-259x300.png\" alt=\"\" data-id=\"611\" data-full-url=\"https:\/\/robinandthewoods.com\/wp-content\/uploads\/2022\/01\/poleevasion_ambares.png\" data-link=\"https:\/\/robinandthewoods.com\/?attachment_id=611\" class=\"wp-image-611\" srcset=\"https:\/\/robinandthewoods.com\/wp-content\/uploads\/2022\/01\/poleevasion_ambares-259x300.png 259w, https:\/\/robinandthewoods.com\/wp-content\/uploads\/2022\/01\/poleevasion_ambares-884x1024.png 884w, https:\/\/robinandthewoods.com\/wp-content\/uploads\/2022\/01\/poleevasion_ambares-768x890.png 768w, https:\/\/robinandthewoods.com\/wp-content\/uploads\/2022\/01\/poleevasion_ambares-1326x1536.png 1326w, https:\/\/robinandthewoods.com\/wp-content\/uploads\/2022\/01\/poleevasion_ambares-1320x1529.png 1320w, https:\/\/robinandthewoods.com\/wp-content\/uploads\/2022\/01\/poleevasion_ambares.png 1420w\" sizes=\"(max-width: 259px) 100vw, 259px\" \/><\/figure><\/li><li class=\"blocks-gallery-item\"><figure><img loading=\"lazy\" width=\"300\" height=\"62\" src=\"https:\/\/robinandthewoods.com\/wp-content\/uploads\/2022\/01\/rocherdepalmer-trsp-300x62.png\" alt=\"\" data-id=\"612\" data-full-url=\"https:\/\/robinandthewoods.com\/wp-content\/uploads\/2022\/01\/rocherdepalmer-trsp.png\" data-link=\"https:\/\/robinandthewoods.com\/?attachment_id=612\" class=\"wp-image-612\" srcset=\"https:\/\/robinandthewoods.com\/wp-content\/uploads\/2022\/01\/rocherdepalmer-trsp-300x62.png 300w, https:\/\/robinandthewoods.com\/wp-content\/uploads\/2022\/01\/rocherdepalmer-trsp.png 494w\" sizes=\"(max-width: 300px) 100vw, 300px\" \/><\/figure><\/li><li class=\"blocks-gallery-item\"><figure><img loading=\"lazy\" width=\"296\" height=\"300\" src=\"https:\/\/robinandthewoods.com\/wp-content\/uploads\/2022\/01\/gdr_logo-296x300.png\" alt=\"\" data-id=\"615\" data-full-url=\"https:\/\/robinandthewoods.com\/wp-content\/uploads\/2022\/01\/gdr_logo.png\" data-link=\"https:\/\/robinandthewoods.com\/?attachment_id=615\" class=\"wp-image-615\" srcset=\"https:\/\/robinandthewoods.com\/wp-content\/uploads\/2022\/01\/gdr_logo-296x300.png 296w, https:\/\/robinandthewoods.com\/wp-content\/uploads\/2022\/01\/gdr_logo.png 481w\" sizes=\"(max-width: 296px) 100vw, 296px\" \/><\/figure><\/li><\/ul><\/figure>\n<\/div>\n\n\n\n<div class=\"wp-block-column\" style=\"flex-basis:33.33%\"><\/div>\n<\/div>\n<\/div><\/div>\n<\/div>\n<\/div>\n","protected":false},"excerpt":{"rendered":"<p>&#8220;Moonfall&#8221; illustr\u00e9 par Camille Orain Pour f\u00eater la sortie de l\u2019album \u00ab Moonfall \u00bb, ode \u00e0 l\u2019infiniment grand (Dying Stars Suicide Club) et \u00e0 l\u2019infiniment petit (Fractales), aux compositions p\u00e9tries de couleurs, il \u00e9tait \u00e9vident pour le groupe de se lancer dans le d\u00e9veloppement d\u2019un projet m\u00ealant le son \u00e0 l\u2019image, l\u2019un dialoguant avec l\u2019autre, <a href=\"https:\/\/robinandthewoods.com\/en\/projets\/concert-dessine\/\" rel=\"nofollow\"><span class=\"sr-only\">Read more about Concert dessin\u00e9<\/span>[&hellip;]<\/a><\/p>\n","protected":false},"author":1,"featured_media":0,"parent":266,"menu_order":0,"comment_status":"closed","ping_status":"closed","template":"","meta":{"_mi_skip_tracking":false},"_links":{"self":[{"href":"https:\/\/robinandthewoods.com\/en\/wp-json\/wp\/v2\/pages\/584"}],"collection":[{"href":"https:\/\/robinandthewoods.com\/en\/wp-json\/wp\/v2\/pages"}],"about":[{"href":"https:\/\/robinandthewoods.com\/en\/wp-json\/wp\/v2\/types\/page"}],"author":[{"embeddable":true,"href":"https:\/\/robinandthewoods.com\/en\/wp-json\/wp\/v2\/users\/1"}],"replies":[{"embeddable":true,"href":"https:\/\/robinandthewoods.com\/en\/wp-json\/wp\/v2\/comments?post=584"}],"version-history":[{"count":25,"href":"https:\/\/robinandthewoods.com\/en\/wp-json\/wp\/v2\/pages\/584\/revisions"}],"predecessor-version":[{"id":618,"href":"https:\/\/robinandthewoods.com\/en\/wp-json\/wp\/v2\/pages\/584\/revisions\/618"}],"up":[{"embeddable":true,"href":"https:\/\/robinandthewoods.com\/en\/wp-json\/wp\/v2\/pages\/266"}],"wp:attachment":[{"href":"https:\/\/robinandthewoods.com\/en\/wp-json\/wp\/v2\/media?parent=584"}],"curies":[{"name":"wp","href":"https:\/\/api.w.org\/{rel}","templated":true}]}}